{"id":8,"date":"2020-03-29T14:07:49","date_gmt":"2020-03-29T14:07:49","guid":{"rendered":"http:\/\/neu.witch-hunters.de\/?page_id=8"},"modified":"2026-03-18T15:54:35","modified_gmt":"2026-03-18T15:54:35","slug":"witch-hunters-menden-e-v","status":"publish","type":"page","link":"https:\/\/witch-hunters.de\/","title":{"rendered":"Herzlich Willkommen"},"content":{"rendered":"\n<p><strong>Unser &#8222;<a href=\"https:\/\/witch-hunters.de\/?page_id=333\" data-type=\"page\" data-id=\"333\">Clubabend<\/a>&#8220; findet einmal im Quartal samstags nachmittags statt.<\/strong> <\/p>\n\n\n\n<p><strong>Leider ist kein Bannerklau m\u00f6glich.<\/strong><\/p>\n\n\n\n<p><strong>Der Clubnachmittag am 21. M\u00e4rz f\u00e4llt aus.<\/strong><\/p>\n\n\n\n<p>Das n\u00e4chste Mal tanzen am 11.7. 2026 von 15 &#8211; 18 Uhr.<\/p>\n\n\n\n<p><\/p>\n\n\n\n<p>Wenn Ihr kommen wollt, meldet euch doch bitte bei Claudia oder Thomas an, damit wir ein wenig planen k\u00f6nnen.<\/p>\n\n\n\n<p><\/p>\n\n\n\n<p>Den Tanzort findet ihr <a href=\"https:\/\/witch-hunters.de\/?page_id=441\" data-type=\"page\" data-id=\"441\">hier.<\/a><\/p>\n\n\n\n<p>Ihr braucht<strong> nicht in Square Dance Kleidung <\/strong>zu kommen.<\/p>\n\n\n\n<p>Eure <strong>Getr\u00e4nke<\/strong>, die Ihr ben\u00f6tigt, <strong>bringt bitte selber mit.<\/strong><\/p>\n\n\n\n<p><\/p>\n\n\n\n<p><\/p>\n\n\n\n<p><\/p>\n\n\n\n<p><\/p>\n\n\n\n<p><\/p>\n\n\n\n<p><\/p>\n\n\n\n<p><\/p>\n","protected":false},"excerpt":{"rendered":"<p>Unser &#8222;Clubabend&#8220; findet einmal im Quartal samstags nachmittags statt. Leider ist kein Bannerklau m\u00f6glich. Der Clubnachmittag am 21. M\u00e4rz f\u00e4llt aus. Das n\u00e4chste Mal tanzen am 11.7. 2026 von 15 &#8211; 18 Uhr. Wenn Ihr kommen wollt, meldet euch doch bitte bei Claudia oder Thomas an, damit wir ein wenig planen k\u00f6nnen. Den Tanzort findet [&hellip;]<\/p>\n","protected":false},"author":1,"featured_media":0,"parent":0,"menu_order":0,"comment_status":"closed","ping_status":"closed","template":"","meta":{"footnotes":""},"class_list":["post-8","page","type-page","status-publish","hentry"],"_links":{"self":[{"href":"https:\/\/witch-hunters.de\/index.php?rest_route=\/wp\/v2\/pages\/8"}],"collection":[{"href":"https:\/\/witch-hunters.de\/index.php?rest_route=\/wp\/v2\/pages"}],"about":[{"href":"https:\/\/witch-hunters.de\/index.php?rest_route=\/wp\/v2\/types\/page"}],"author":[{"embeddable":true,"href":"https:\/\/witch-hunters.de\/index.php?rest_route=\/wp\/v2\/users\/1"}],"replies":[{"embeddable":true,"href":"https:\/\/witch-hunters.de\/index.php?rest_route=%2Fwp%2Fv2%2Fcomments&post=8"}],"version-history":[{"count":55,"href":"https:\/\/witch-hunters.de\/index.php?rest_route=\/wp\/v2\/pages\/8\/revisions"}],"predecessor-version":[{"id":480,"href":"https:\/\/witch-hunters.de\/index.php?rest_route=\/wp\/v2\/pages\/8\/revisions\/480"}],"wp:attachment":[{"href":"https:\/\/witch-hunters.de\/index.php?rest_route=%2Fwp%2Fv2%2Fmedia&parent=8"}],"curies":[{"name":"wp","href":"https:\/\/api.w.org\/{rel}","templated":true}]}}