{"id":245,"date":"2020-05-14T17:18:53","date_gmt":"2020-05-14T17:18:53","guid":{"rendered":"http:\/\/neu.witch-hunters.de\/?page_id=245"},"modified":"2021-11-04T18:27:48","modified_gmt":"2021-11-04T18:27:48","slug":"lucky-eliots","status":"publish","type":"page","link":"https:\/\/witch-hunters.de\/?page_id=245","title":{"rendered":"Chronik                                          &#8222;Lucky Eliots&#8220;"},"content":{"rendered":"\n<p><\/p>\n\n\n\n<p>Anfang Mai 1986 entstand der Club \u201eLucky Eliots\u201c,\n die damals eine Untergruppe der Western-Yuppies waren. (Die \nWestern-Yuppies trafen sich am 11.10.1986 zum letzten Mal und l\u00f6sten \nsich auf.)<\/p>\n\n\n\n<p>Am 21.6.1986 fand das 1. Eliot Dance im Pfarrheim der Christ K\u00f6nig Kirche in Hemer mit 41 G\u00e4sten statt. Bei dieser Veranstaltung callte Martina Wei\u00dfbach.<\/p>\n\n\n\n<p>Von da an wurde bis heute das Eliot Dance einmal im Jahr ausgerichtet. <\/p>\n\n\n\n<p>Ab dem 3. Eliot Dance (30.4-1.5.1988) ging dieses Event \u00fcber 3 Tage und es wurde seit dem auch round dance angeboten.<\/p>\n\n\n\n<p>Auf Grund \ndes anhaltenden T\u00e4nzermangels entschlossen sich die Lucky Eliots im Juli\n 1988, dass der Clubabend&nbsp; f\u00fcr eine gewisse Zeit entfallen sollte und \ndass die Lucky Eliots f\u00fcr diese Zeit nur noch als Traveling-Club, der \nnur einmal im Jahr Clubabend hat, bestehen sollte.<\/p>\n\n\n\n<p>Am 21.10.1988 bildeten 7 Classmitglieder und 8 Lucky Eliots den neuen Club die \u201eWitch-Hunters\u201c. Aus diesem Grunde findet seither der einzige Clubabend der Lucky-Eliots im Jahr am Freitagabend vor dem Eliot Dance statt.<\/p>\n\n\n\n<p>Am 1. Mai \n1989 grillten die \u201eWitch-Hunters\u201c das erste Mal spontan offiziell am \nHexenteich. Es war ein sehr geselliger Abend&nbsp; an dem getanzt, gegrillt, \ngekl\u00f6nt und viel gelacht wurde. Daraus ist die Tradition erwachsen dies \neinmal im Jahr auch mit T\u00e4nzern aus anderen Vereinen zu machen. Seit ein\n paar Jahren ist es ein fester Bestandteil&nbsp; in der Square Dance Szene, \ndass die Witch-Hunters am ersten Dienstag in den Sommerferien im \nBiebertal dazu einladen.<\/p>\n","protected":false},"excerpt":{"rendered":"<p>Anfang Mai 1986 entstand der Club \u201eLucky Eliots\u201c, die damals eine Untergruppe der Western-Yuppies waren. (Die Western-Yuppies trafen sich am 11.10.1986 zum letzten Mal und l\u00f6sten sich auf.) Am 21.6.1986 fand das 1. Eliot Dance im Pfarrheim der Christ K\u00f6nig Kirche in Hemer mit 41 G\u00e4sten statt. Bei dieser Veranstaltung callte Martina Wei\u00dfbach. Von da [&hellip;]<\/p>\n","protected":false},"author":1,"featured_media":0,"parent":0,"menu_order":0,"comment_status":"closed","ping_status":"closed","template":"","meta":{"footnotes":""},"class_list":["post-245","page","type-page","status-publish","hentry"],"_links":{"self":[{"href":"https:\/\/witch-hunters.de\/index.php?rest_route=\/wp\/v2\/pages\/245"}],"collection":[{"href":"https:\/\/witch-hunters.de\/index.php?rest_route=\/wp\/v2\/pages"}],"about":[{"href":"https:\/\/witch-hunters.de\/index.php?rest_route=\/wp\/v2\/types\/page"}],"author":[{"embeddable":true,"href":"https:\/\/witch-hunters.de\/index.php?rest_route=\/wp\/v2\/users\/1"}],"replies":[{"embeddable":true,"href":"https:\/\/witch-hunters.de\/index.php?rest_route=%2Fwp%2Fv2%2Fcomments&post=245"}],"version-history":[{"count":2,"href":"https:\/\/witch-hunters.de\/index.php?rest_route=\/wp\/v2\/pages\/245\/revisions"}],"predecessor-version":[{"id":281,"href":"https:\/\/witch-hunters.de\/index.php?rest_route=\/wp\/v2\/pages\/245\/revisions\/281"}],"wp:attachment":[{"href":"https:\/\/witch-hunters.de\/index.php?rest_route=%2Fwp%2Fv2%2Fmedia&parent=245"}],"curies":[{"name":"wp","href":"https:\/\/api.w.org\/{rel}","templated":true}]}}