{"id":104,"date":"2020-03-29T15:21:44","date_gmt":"2020-03-29T15:21:44","guid":{"rendered":"http:\/\/neu.witch-hunters.de\/?page_id=104"},"modified":"2021-11-04T18:15:00","modified_gmt":"2021-11-04T18:15:00","slug":"square-dance","status":"publish","type":"page","link":"https:\/\/witch-hunters.de\/?page_id=104","title":{"rendered":"Square Dance"},"content":{"rendered":"\n<figure class=\"wp-block-table\"><table><tbody><tr><td>Square  Dance ist ein moderner nordamerikanischer Volkstanz, der jedoch  Tradition hat, denn seine Geburtsstunde war die Besiedlung Nordamerikas  durch Einwanderer aus vielen Nationen. <br>Die Einwanderer hatten  ihre eigene Sprachen und T\u00e4nze und niemand wollte sich seiner  heimatlichen Gebr\u00e4uche berauben lassen. So zeigte jeder seinen  mitgebrachten Volkstanz. Die verschiedenen Figuren und Schrittfolgen  vermischten sich und bekamen einheitliche (meist englische) Namen, die  alle verstanden. <br>Im Lauf der  Zeit bildeten sich 66 Figuren heraus, das heutige sogenannte Mainstream  Programm. Dieses Programm wird weltweit ausge\u00fcbt.<br>T\u00e4nzer aus allen  L\u00e4ndern k\u00f6nnen so problemlos miteinander tanzen, auch wenn sie  unterschiedliche Sprachen sprechen.<br>Damit unendlich viele  Tanzvariationen entstehen k\u00f6nnen, werden diese immer wieder verschieden  kombiniert.  Die Aufgabe, die Figuren  anzusagen, wird vom Caller(in) wahrgenommen. Der Text eines Liedes wird  dabei mit den Tanzkommandos kombiniert. So wird auch sichergestellt,  dass alle T\u00e4nzer die Figuren zur gleichen Zeit ausf\u00fchren. <br>Allerdings  wird nicht nur zu original Country-Musik, sondern auch zu einer Reihe  von modernen Kl\u00e4ngen getanzt, wie z. B. unter anderem nach Robbie  Williams, James Blunt und anderen. Aber ob alte oder neue Musik, Spa\u00df  ist immer dabei. <br>Tanzwettbewerbe gibt es  beim Square Dance nicht, denn hierbei soll das Miteinander und nicht das  Gegeneinander im Vordergrund stehen. <br><br>Dazu gibt es auch die Gelegenheit  ein <a href=\"https:\/\/witch-hunters.de\/html\/banner.html\">Banner<\/a> zu klauen. <br><br>Ein weiterer  interessanter Aspekt ist die Tanzkleidung. Die Damen tragen Kleider oder  R\u00f6cke, die mit einem farblich abgestimmten Petticoat besonders weit  schwingen und somit ein besonderer Hingucker sind. Die Herren k\u00f6nnen zu  Hemd und Hose durch modische Accessoires, wie beispielsweise  Westerng\u00fcrtel, Kragenecken und einem Halstuch, ihrer Kleidung den  n\u00f6tigen Stil verpassen.                         <\/td><\/tr><tr><td><\/td><\/tr><\/tbody><\/table><\/figure>\n","protected":false},"excerpt":{"rendered":"<p>Square Dance ist ein moderner nordamerikanischer Volkstanz, der jedoch Tradition hat, denn seine Geburtsstunde war die Besiedlung Nordamerikas durch Einwanderer aus vielen Nationen. Die Einwanderer hatten ihre eigene Sprachen und T\u00e4nze und niemand wollte sich seiner heimatlichen Gebr\u00e4uche berauben lassen. So zeigte jeder seinen mitgebrachten Volkstanz. Die verschiedenen Figuren und Schrittfolgen vermischten sich und bekamen [&hellip;]<\/p>\n","protected":false},"author":1,"featured_media":0,"parent":0,"menu_order":0,"comment_status":"closed","ping_status":"closed","template":"","meta":{"footnotes":""},"class_list":["post-104","page","type-page","status-publish","hentry"],"_links":{"self":[{"href":"https:\/\/witch-hunters.de\/index.php?rest_route=\/wp\/v2\/pages\/104"}],"collection":[{"href":"https:\/\/witch-hunters.de\/index.php?rest_route=\/wp\/v2\/pages"}],"about":[{"href":"https:\/\/witch-hunters.de\/index.php?rest_route=\/wp\/v2\/types\/page"}],"author":[{"embeddable":true,"href":"https:\/\/witch-hunters.de\/index.php?rest_route=\/wp\/v2\/users\/1"}],"replies":[{"embeddable":true,"href":"https:\/\/witch-hunters.de\/index.php?rest_route=%2Fwp%2Fv2%2Fcomments&post=104"}],"version-history":[{"count":3,"href":"https:\/\/witch-hunters.de\/index.php?rest_route=\/wp\/v2\/pages\/104\/revisions"}],"predecessor-version":[{"id":275,"href":"https:\/\/witch-hunters.de\/index.php?rest_route=\/wp\/v2\/pages\/104\/revisions\/275"}],"wp:attachment":[{"href":"https:\/\/witch-hunters.de\/index.php?rest_route=%2Fwp%2Fv2%2Fmedia&parent=104"}],"curies":[{"name":"wp","href":"https:\/\/api.w.org\/{rel}","templated":true}]}}